{"id":10,"date":"2020-03-20T09:05:55","date_gmt":"2020-03-20T09:05:55","guid":{"rendered":"https:\/\/ld-wp73.template-help.com\/wordpress\/prod_7568\/v1\/?page_id=10"},"modified":"2023-06-26T12:49:11","modified_gmt":"2023-06-26T10:49:11","slug":"home","status":"publish","type":"page","link":"https:\/\/mobility-networknight.com\/en\/","title":{"rendered":"Home"},"content":{"rendered":"<div data-elementor-type=\"wp-page\" data-elementor-id=\"10\" class=\"elementor elementor-10\" data-elementor-settings=\"[]\">\n\t\t\t\t\t\t\t<div class=\"elementor-section-wrap\">\n\t\t\t\t\t\t\t<section class=\"elementor-section elementor-top-section elementor-element elementor-element-2330a95 elementor-section-boxed elementor-section-height-default elementor-section-height-default\" data-id=\"2330a95\" data-element_type=\"section\" data-settings=\"{&quot;background_background&quot;:&quot;classic&quot;}\">\n\t\t\t\t\t\t<div class=\"elementor-container elementor-column-gap-default\">\n\t\t\t\t\t<div class=\"elementor-column elementor-col-100 elementor-top-column elementor-element elementor-element-dcbeafd\" data-id=\"dcbeafd\" data-element_type=\"column\">\n\t\t\t<div class=\"elementor-widget-wrap elementor-element-populated\">\n\t\t\t\t\t\t\t\t<div class=\"elementor-element elementor-element-b5123d9 elementor-widget elementor-widget-jet-headline\" data-id=\"b5123d9\" data-element_type=\"widget\" data-widget_type=\"jet-headline.default\">\n\t\t\t\t<div class=\"elementor-widget-container\">\n\t\t\t<h1 class=\"jet-headline jet-headline--direction-vertical\"><span class=\"jet-headline__part jet-headline__first\"><span class=\"jet-headline__label\">THURSDAY, JUNE 22, 2023 FRANKFURT\n\n\n<\/span><\/span><span class=\"jet-headline__part jet-headline__second\"><span class=\"jet-headline__label\">\n\n<\/span><\/span><\/h1>\t\t<\/div>\n\t\t\t\t<\/div>\n\t\t\t\t\t<\/div>\n\t\t<\/div>\n\t\t\t\t\t\t\t<\/div>\n\t\t<\/section>\n\t\t\t\t<section class=\"elementor-section elementor-top-section elementor-element elementor-element-4a87cba elementor-section-boxed elementor-section-height-default elementor-section-height-default\" data-id=\"4a87cba\" data-element_type=\"section\">\n\t\t\t\t\t\t<div class=\"elementor-container elementor-column-gap-default\">\n\t\t\t\t\t<div class=\"elementor-column elementor-col-100 elementor-top-column elementor-element elementor-element-48fbf1d\" data-id=\"48fbf1d\" data-element_type=\"column\">\n\t\t\t<div class=\"elementor-widget-wrap elementor-element-populated\">\n\t\t\t\t\t\t\t\t<div class=\"elementor-element elementor-element-e8cbf91 elementor-widget elementor-widget-heading\" data-id=\"e8cbf91\" data-element_type=\"widget\" data-widget_type=\"heading.default\">\n\t\t\t\t<div class=\"elementor-widget-container\">\n\t\t\t<h1 class=\"elementor-heading-title elementor-size-default\">MOBILITY UNIGHTED \u2013 NETWORKING DE LUXE<\/h1>\t\t<\/div>\n\t\t\t\t<\/div>\n\t\t\t\t<div class=\"elementor-element elementor-element-d48a294 elementor-widget elementor-widget-spacer\" data-id=\"d48a294\" data-element_type=\"widget\" data-widget_type=\"spacer.default\">\n\t\t\t\t<div class=\"elementor-widget-container\">\n\t\t\t\t\t<div class=\"elementor-spacer\">\n\t\t\t<div class=\"elementor-spacer-inner\"><\/div>\n\t\t<\/div>\n\t\t\t\t<\/div>\n\t\t\t\t<\/div>\n\t\t\t\t<div class=\"elementor-element elementor-element-56b632a elementor-widget elementor-widget-heading\" data-id=\"56b632a\" data-element_type=\"widget\" data-widget_type=\"heading.default\">\n\t\t\t\t<div class=\"elementor-widget-container\">\n\t\t\t<h3 class=\"elementor-heading-title elementor-size-default\">Die zweite Ausgabe der Mobility Network Night 2023 fand am 22. Juni erneut im Westhafen Pier 1 statt. Knapp 200 G\u00e4ste aus verschiedensten Mobilit\u00e4ts-Bereichen und Verb\u00e4nden trafen sich zum Networking Deluxe in ungezwungener Atmosph\u00e4re. Dank des starken Engagements von Brose E-Bike Berlin, der Deutsche Dienstrad GmbH und der IAA Mobility konnte den G\u00e4sten ein inhaltlich sowie kulinarisch anspruchsvolles Programm geboten werden.<\/h3>\t\t<\/div>\n\t\t\t\t<\/div>\n\t\t\t\t<div class=\"elementor-element elementor-element-c6fb68c elementor-widget elementor-widget-spacer\" data-id=\"c6fb68c\" data-element_type=\"widget\" data-widget_type=\"spacer.default\">\n\t\t\t\t<div class=\"elementor-widget-container\">\n\t\t\t\t\t<div class=\"elementor-spacer\">\n\t\t\t<div class=\"elementor-spacer-inner\"><\/div>\n\t\t<\/div>\n\t\t\t\t<\/div>\n\t\t\t\t<\/div>\n\t\t\t\t\t<\/div>\n\t\t<\/div>\n\t\t\t\t\t\t\t<\/div>\n\t\t<\/section>\n\t\t\t\t<section class=\"elementor-section elementor-top-section elementor-element elementor-element-35ed3db elementor-section-boxed elementor-section-height-default elementor-section-height-default\" data-id=\"35ed3db\" data-element_type=\"section\">\n\t\t\t\t\t\t<div class=\"elementor-container elementor-column-gap-default\">\n\t\t\t\t\t<div class=\"elementor-column elementor-col-100 elementor-top-column elementor-element elementor-element-3a43763\" data-id=\"3a43763\" data-element_type=\"column\">\n\t\t\t<div class=\"elementor-widget-wrap elementor-element-populated\">\n\t\t\t\t\t\t\t\t<div class=\"elementor-element elementor-element-2a5702e elementor-widget-divider--view-line elementor-widget elementor-widget-divider\" data-id=\"2a5702e\" data-element_type=\"widget\" data-widget_type=\"divider.default\">\n\t\t\t\t<div class=\"elementor-widget-container\">\n\t\t\t\t\t<div class=\"elementor-divider\">\n\t\t\t<span class=\"elementor-divider-separator\">\n\t\t\t\t\t\t<\/span>\n\t\t<\/div>\n\t\t\t\t<\/div>\n\t\t\t\t<\/div>\n\t\t\t\t<div class=\"elementor-element elementor-element-a0e5e7b elementor-widget elementor-widget-text-editor\" data-id=\"a0e5e7b\" data-element_type=\"widget\" data-widget_type=\"text-editor.default\">\n\t\t\t\t<div class=\"elementor-widget-container\">\n\t\t\t\t\t\t\t<p>If you can\u2019t wait to get a taste of this great networking opportunity, why not have a sneak preview at our Afterwork Movie 2022?<\/p>\t\t\t\t\t\t<\/div>\n\t\t\t\t<\/div>\n\t\t\t\t\t<\/div>\n\t\t<\/div>\n\t\t\t\t\t\t\t<\/div>\n\t\t<\/section>\n\t\t\t\t<section class=\"elementor-section elementor-top-section elementor-element elementor-element-79b80e6 elementor-section-boxed elementor-section-height-default elementor-section-height-default\" data-id=\"79b80e6\" data-element_type=\"section\">\n\t\t\t\t\t\t<div class=\"elementor-container elementor-column-gap-default\">\n\t\t\t\t\t<div class=\"elementor-column elementor-col-100 elementor-top-column elementor-element elementor-element-daddc40\" data-id=\"daddc40\" data-element_type=\"column\">\n\t\t\t<div class=\"elementor-widget-wrap elementor-element-populated\">\n\t\t\t\t\t\t\t\t<div class=\"elementor-element elementor-element-782521b elementor-widget elementor-widget-heading\" data-id=\"782521b\" data-element_type=\"widget\" data-widget_type=\"heading.default\">\n\t\t\t\t<div class=\"elementor-widget-container\">\n\t\t\t<h2 class=\"elementor-heading-title elementor-size-default\">The aftermovie of the first Mobility Network Night presented by brose is ready ...<\/h2>\t\t<\/div>\n\t\t\t\t<\/div>\n\t\t\t\t\t<\/div>\n\t\t<\/div>\n\t\t\t\t\t\t\t<\/div>\n\t\t<\/section>\n\t\t\t\t<section class=\"elementor-section elementor-top-section elementor-element elementor-element-ce187c9 elementor-section-boxed elementor-section-height-default elementor-section-height-default\" data-id=\"ce187c9\" data-element_type=\"section\">\n\t\t\t\t\t\t<div class=\"elementor-container elementor-column-gap-default\">\n\t\t\t\t\t<div class=\"elementor-column elementor-col-100 elementor-top-column elementor-element elementor-element-974ddca\" data-id=\"974ddca\" data-element_type=\"column\">\n\t\t\t<div class=\"elementor-widget-wrap elementor-element-populated\">\n\t\t\t\t\t\t\t\t<div class=\"elementor-element elementor-element-992ebf1 elementor-widget elementor-widget-text-editor\" data-id=\"992ebf1\" data-element_type=\"widget\" data-widget_type=\"text-editor.default\">\n\t\t\t\t<div class=\"elementor-widget-container\">\n\t\t\t\t\t\t\t<p>... and we are more than happy to share it with all of you. Manny thanks to a wonderful film team around Max Kupfer, who captured exactly what was so important to us: emotions, networking, and industry exchange.<\/p>\t\t\t\t\t\t<\/div>\n\t\t\t\t<\/div>\n\t\t\t\t\t<\/div>\n\t\t<\/div>\n\t\t\t\t\t\t\t<\/div>\n\t\t<\/section>\n\t\t\t\t<section class=\"elementor-section elementor-top-section elementor-element elementor-element-d4c2b58 elementor-section-boxed elementor-section-height-default elementor-section-height-default\" data-id=\"d4c2b58\" data-element_type=\"section\">\n\t\t\t\t\t\t<div class=\"elementor-container elementor-column-gap-default\">\n\t\t\t\t\t<div class=\"elementor-column elementor-col-100 elementor-top-column elementor-element elementor-element-c15c88a\" data-id=\"c15c88a\" data-element_type=\"column\">\n\t\t\t<div class=\"elementor-widget-wrap elementor-element-populated\">\n\t\t\t\t\t\t\t\t<div class=\"elementor-element elementor-element-9d78a31 elementor-aspect-ratio-169 elementor-widget elementor-widget-video\" data-id=\"9d78a31\" data-element_type=\"widget\" data-settings=\"{&quot;youtube_url&quot;:&quot;https:\\\/\\\/youtu.be\\\/XKJylvZ63Uw&quot;,&quot;autoplay&quot;:&quot;yes&quot;,&quot;yt_privacy&quot;:&quot;yes&quot;,&quot;video_type&quot;:&quot;youtube&quot;,&quot;controls&quot;:&quot;yes&quot;,&quot;aspect_ratio&quot;:&quot;169&quot;}\" data-widget_type=\"video.default\">\n\t\t\t\t<div class=\"elementor-widget-container\">\n\t\t\t\t\t<div class=\"elementor-wrapper elementor-fit-aspect-ratio elementor-open-inline\">\n\t\t\t<div class=\"elementor-video\"><\/div>\t\t<\/div>\n\t\t\t\t<\/div>\n\t\t\t\t<\/div>\n\t\t\t\t\t<\/div>\n\t\t<\/div>\n\t\t\t\t\t\t\t<\/div>\n\t\t<\/section>\n\t\t\t\t<section class=\"elementor-section elementor-top-section elementor-element elementor-element-e03176f elementor-section-boxed elementor-section-height-default elementor-section-height-default\" data-id=\"e03176f\" data-element_type=\"section\">\n\t\t\t\t\t\t<div class=\"elementor-container elementor-column-gap-default\">\n\t\t\t\t\t<div class=\"elementor-column elementor-col-100 elementor-top-column elementor-element elementor-element-bb6c64b\" data-id=\"bb6c64b\" data-element_type=\"column\">\n\t\t\t<div class=\"elementor-widget-wrap elementor-element-populated\">\n\t\t\t\t\t\t\t\t<div class=\"elementor-element elementor-element-5962e55 elementor-widget-divider--view-line elementor-widget elementor-widget-divider\" data-id=\"5962e55\" data-element_type=\"widget\" data-widget_type=\"divider.default\">\n\t\t\t\t<div class=\"elementor-widget-container\">\n\t\t\t\t\t<div class=\"elementor-divider\">\n\t\t\t<span class=\"elementor-divider-separator\">\n\t\t\t\t\t\t<\/span>\n\t\t<\/div>\n\t\t\t\t<\/div>\n\t\t\t\t<\/div>\n\t\t\t\t\t<\/div>\n\t\t<\/div>\n\t\t\t\t\t\t\t<\/div>\n\t\t<\/section>\n\t\t\t\t<section class=\"elementor-section elementor-top-section elementor-element elementor-element-bec874c elementor-section-boxed elementor-section-height-default elementor-section-height-default\" data-id=\"bec874c\" data-element_type=\"section\" id=\"newsletteranmeldung\">\n\t\t\t\t\t\t<div class=\"elementor-container elementor-column-gap-default\">\n\t\t\t\t\t<div class=\"elementor-column elementor-col-100 elementor-top-column elementor-element elementor-element-330cc31\" data-id=\"330cc31\" data-element_type=\"column\">\n\t\t\t<div class=\"elementor-widget-wrap elementor-element-populated\">\n\t\t\t\t\t\t\t\t<div class=\"elementor-element elementor-element-5891817 elementor-widget elementor-widget-heading\" data-id=\"5891817\" data-element_type=\"widget\" id=\"newsletteranmeldung\" data-widget_type=\"heading.default\">\n\t\t\t\t<div class=\"elementor-widget-container\">\n\t\t\t<h2 class=\"elementor-heading-title elementor-size-default\">Sign up for the newsletter now!<\/h2>\t\t<\/div>\n\t\t\t\t<\/div>\n\t\t\t\t\t<\/div>\n\t\t<\/div>\n\t\t\t\t\t\t\t<\/div>\n\t\t<\/section>\n\t\t\t\t<section class=\"elementor-section elementor-top-section elementor-element elementor-element-8f02434 elementor-section-boxed elementor-section-height-default elementor-section-height-default\" data-id=\"8f02434\" data-element_type=\"section\">\n\t\t\t\t\t\t<div class=\"elementor-container elementor-column-gap-default\">\n\t\t\t\t\t<div class=\"elementor-column elementor-col-50 elementor-top-column elementor-element elementor-element-e25415b\" data-id=\"e25415b\" data-element_type=\"column\">\n\t\t\t<div class=\"elementor-widget-wrap elementor-element-populated\">\n\t\t\t\t\t\t\t\t<div class=\"elementor-element elementor-element-ae2b0e4 elementor-widget elementor-widget-image\" data-id=\"ae2b0e4\" data-element_type=\"widget\" data-widget_type=\"image.default\">\n\t\t\t\t<div class=\"elementor-widget-container\">\n\t\t\t\t\t\t\t\t\t\t\t\t<figure class=\"wp-caption\">\n\t\t\t\t\t\t\t\t\t\t<img width=\"300\" height=\"300\" src=\"https:\/\/mobility-networknight.com\/wp-content\/uploads\/2022\/03\/cropped-test-3-300x300.png\" class=\"attachment-medium size-medium\" alt=\"\" loading=\"lazy\" srcset=\"https:\/\/mobility-networknight.com\/wp-content\/uploads\/2022\/03\/cropped-test-3-300x300.png 300w, https:\/\/mobility-networknight.com\/wp-content\/uploads\/2022\/03\/cropped-test-3-150x150.png 150w, https:\/\/mobility-networknight.com\/wp-content\/uploads\/2022\/03\/cropped-test-3-230x230.png 230w, https:\/\/mobility-networknight.com\/wp-content\/uploads\/2022\/03\/cropped-test-3-400x400.png 400w, https:\/\/mobility-networknight.com\/wp-content\/uploads\/2022\/03\/cropped-test-3-270x270.png 270w, https:\/\/mobility-networknight.com\/wp-content\/uploads\/2022\/03\/cropped-test-3-192x192.png 192w, https:\/\/mobility-networknight.com\/wp-content\/uploads\/2022\/03\/cropped-test-3-180x180.png 180w, https:\/\/mobility-networknight.com\/wp-content\/uploads\/2022\/03\/cropped-test-3-32x32.png 32w, https:\/\/mobility-networknight.com\/wp-content\/uploads\/2022\/03\/cropped-test-3.png 512w\" sizes=\"(max-width: 300px) 100vw, 300px\" \/>\t\t\t\t\t\t\t\t\t\t\t<figcaption class=\"widget-image-caption wp-caption-text\"><\/figcaption>\n\t\t\t\t\t\t\t\t\t\t<\/figure>\n\t\t\t\t\t\t\t\t\t<\/div>\n\t\t\t\t<\/div>\n\t\t\t\t\t<\/div>\n\t\t<\/div>\n\t\t\t\t<div class=\"elementor-column elementor-col-50 elementor-top-column elementor-element elementor-element-2b545af\" data-id=\"2b545af\" data-element_type=\"column\">\n\t\t\t<div class=\"elementor-widget-wrap elementor-element-populated\">\n\t\t\t\t\t\t\t\t<div class=\"elementor-element elementor-element-8debb62 elementor-widget elementor-widget-shortcode\" data-id=\"8debb62\" data-element_type=\"widget\" data-widget_type=\"shortcode.default\">\n\t\t\t\t<div class=\"elementor-widget-container\">\n\t\t\t\t\t<div class=\"elementor-shortcode\"><script>(function() {\n\twindow.mc4wp = window.mc4wp || {\n\t\tlisteners: [],\n\t\tforms: {\n\t\t\ton: function(evt, cb) {\n\t\t\t\twindow.mc4wp.listeners.push(\n\t\t\t\t\t{\n\t\t\t\t\t\tevent   : evt,\n\t\t\t\t\t\tcallback: cb\n\t\t\t\t\t}\n\t\t\t\t);\n\t\t\t}\n\t\t}\n\t}\n})();\n<\/script><!-- Mailchimp for WordPress v4.8.7 - https:\/\/wordpress.org\/plugins\/mailchimp-for-wp\/ --><form id=\"mc4wp-form-1\" class=\"mc4wp-form mc4wp-form-4719\" method=\"post\" data-id=\"4719\" data-name=\"Mobility Networknight\" action=\"\" ><div class=\"mc4wp-form-fields\"><p style=\"float: left; width: 48%; margin-right:4%\">\r\n    <label>First Name*<\/label>\r\n    <input type=\"text\" name=\"FNAME\" required=\"\">\r\n<\/p>\r\n<p style=\"float: left; width: 48%\">\r\n    <label>Last Name*<\/label>\r\n    <input type=\"text\" name=\"LNAME\" required=\"\">\r\n<\/p><p>\r\n    <label>Company<\/label>\r\n    <input type=\"text\" name=\"COMPANY\">\r\n<\/p>\r\n<p>\r\n\t<label>E-mail* \r\n\t\t<input type=\"email\" name=\"EMAIL\" placeholder=\"Your E-mail Address\" required \/>\r\n<\/label>\r\n<\/p>\r\n<p>\r\n    <label>Language:<\/label>\r\n    <label>\r\n        <input name=\"_mc4wp_lists\" type=\"radio\" value=\"622b8d9108\"> <span>EN<\/span>\r\n    <\/label>\r\n    <label>\r\n        <input name=\"_mc4wp_lists\" type=\"radio\" value=\"c5c28f3c14\" checked=\"true\"> <span>DE<\/span>\r\n    <\/label>\r\n<\/p>\r\n<p>\r\n    <label>\r\n        <input name=\"AGREE_TO_TERMS\" type=\"checkbox\" value=\"1\" required=\"\"> I have read and accept the <a href=\"https:\/\/mobility-networknight.com\/en\/datenschutz\/\" target=\"_blank\">Privacy Policy<\/a> .\r\n    <\/label>\r\n<\/p>\r\n\r\n<p>\r\n\t<input type=\"submit\" value=\"SUBMIT\" \/>\r\n<\/p><\/div><label style=\"display: none !important;\">Leave this field empty if you're human: <input type=\"text\" name=\"_mc4wp_honeypot\" value=\"\" tabindex=\"-1\" autocomplete=\"off\" \/><\/label><input type=\"hidden\" name=\"_mc4wp_timestamp\" value=\"1775391535\" \/><input type=\"hidden\" name=\"_mc4wp_form_id\" value=\"4719\" \/><input type=\"hidden\" name=\"_mc4wp_form_element_id\" value=\"mc4wp-form-1\" \/><div class=\"mc4wp-response\"><\/div><input type=\"hidden\" name=\"trp-form-language\" value=\"en\"\/><\/form><!-- \/ Mailchimp for WordPress Plugin --><\/div>\n\t\t\t\t<\/div>\n\t\t\t\t<\/div>\n\t\t\t\t\t<\/div>\n\t\t<\/div>\n\t\t\t\t\t\t\t<\/div>\n\t\t<\/section>\n\t\t\t\t<section class=\"elementor-section elementor-top-section elementor-element elementor-element-b826f04 elementor-section-boxed elementor-section-height-default elementor-section-height-default\" data-id=\"b826f04\" data-element_type=\"section\">\n\t\t\t\t\t\t<div class=\"elementor-container elementor-column-gap-default\">\n\t\t\t\t\t<div class=\"elementor-column elementor-col-100 elementor-top-column elementor-element elementor-element-0b26608\" data-id=\"0b26608\" data-element_type=\"column\">\n\t\t\t<div class=\"elementor-widget-wrap elementor-element-populated\">\n\t\t\t\t\t\t\t\t<div class=\"elementor-element elementor-element-0d931ca elementor-widget elementor-widget-image\" data-id=\"0d931ca\" data-element_type=\"widget\" data-widget_type=\"image.default\">\n\t\t\t\t<div class=\"elementor-widget-container\">\n\t\t\t\t\t\t\t\t\t\t\t\t\t\t\t<img width=\"1024\" height=\"257\" src=\"https:\/\/mobility-networknight.com\/wp-content\/uploads\/2022\/03\/Pressemittelung_A4_FPC_2022_MNW-1024x257.png\" class=\"attachment-large size-large\" alt=\"\" loading=\"lazy\" srcset=\"https:\/\/mobility-networknight.com\/wp-content\/uploads\/2022\/03\/Pressemittelung_A4_FPC_2022_MNW-1024x257.png 1024w, https:\/\/mobility-networknight.com\/wp-content\/uploads\/2022\/03\/Pressemittelung_A4_FPC_2022_MNW-300x75.png 300w, https:\/\/mobility-networknight.com\/wp-content\/uploads\/2022\/03\/Pressemittelung_A4_FPC_2022_MNW-768x193.png 768w, https:\/\/mobility-networknight.com\/wp-content\/uploads\/2022\/03\/Pressemittelung_A4_FPC_2022_MNW-1536x386.png 1536w, https:\/\/mobility-networknight.com\/wp-content\/uploads\/2022\/03\/Pressemittelung_A4_FPC_2022_MNW-2048x514.png 2048w, https:\/\/mobility-networknight.com\/wp-content\/uploads\/2022\/03\/Pressemittelung_A4_FPC_2022_MNW-600x151.png 600w\" sizes=\"(max-width: 1024px) 100vw, 1024px\" \/>\t\t\t\t\t\t\t\t\t\t\t\t\t\t\t<\/div>\n\t\t\t\t<\/div>\n\t\t\t\t\t<\/div>\n\t\t<\/div>\n\t\t\t\t\t\t\t<\/div>\n\t\t<\/section>\n\t\t\t\t\t\t<\/div>\n\t\t\t\t\t<\/div>","protected":false},"excerpt":{"rendered":"<p>22. Juni 2023 in Frankfurt MOBILITY UNIGHTED \u2013 NETWORKING DE LUXE Die zweite Ausgabe der Mobility Network Night 2023 fand am 22. Juni erneut im Westhafen Pier 1 statt. Knapp [&hellip;]<\/p>","protected":false},"author":1,"featured_media":4315,"parent":0,"menu_order":0,"comment_status":"closed","ping_status":"closed","template":"elementor_header_footer","meta":[],"_links":{"self":[{"href":"https:\/\/mobility-networknight.com\/en\/wp-json\/wp\/v2\/pages\/10"}],"collection":[{"href":"https:\/\/mobility-networknight.com\/en\/wp-json\/wp\/v2\/pages"}],"about":[{"href":"https:\/\/mobility-networknight.com\/en\/wp-json\/wp\/v2\/types\/page"}],"author":[{"embeddable":true,"href":"https:\/\/mobility-networknight.com\/en\/wp-json\/wp\/v2\/users\/1"}],"replies":[{"embeddable":true,"href":"https:\/\/mobility-networknight.com\/en\/wp-json\/wp\/v2\/comments?post=10"}],"version-history":[{"count":315,"href":"https:\/\/mobility-networknight.com\/en\/wp-json\/wp\/v2\/pages\/10\/revisions"}],"predecessor-version":[{"id":5472,"href":"https:\/\/mobility-networknight.com\/en\/wp-json\/wp\/v2\/pages\/10\/revisions\/5472"}],"wp:featuredmedia":[{"embeddable":true,"href":"https:\/\/mobility-networknight.com\/en\/wp-json\/wp\/v2\/media\/4315"}],"wp:attachment":[{"href":"https:\/\/mobility-networknight.com\/en\/wp-json\/wp\/v2\/media?parent=10"}],"curies":[{"name":"wp","href":"https:\/\/api.w.org\/{rel}","templated":true}]}}