{"id":1675,"date":"2021-04-20T18:02:24","date_gmt":"2021-04-20T16:02:24","guid":{"rendered":"http:\/\/mobility-networknight.com\/?page_id=1675"},"modified":"2023-03-08T16:47:57","modified_gmt":"2023-03-08T15:47:57","slug":"datenschutz","status":"publish","type":"page","link":"https:\/\/mobility-networknight.com\/en\/datenschutz\/","title":{"rendered":"Data protection"},"content":{"rendered":"<div data-elementor-type=\"wp-page\" data-elementor-id=\"1675\" class=\"elementor elementor-1675\" data-elementor-settings=\"[]\">\n\t\t\t\t\t\t\t<div class=\"elementor-section-wrap\">\n\t\t\t\t\t\t\t<section class=\"elementor-section elementor-top-section elementor-element elementor-element-c41c513 elementor-section-boxed elementor-section-height-default elementor-section-height-default\" data-id=\"c41c513\" data-element_type=\"section\">\n\t\t\t\t\t\t<div class=\"elementor-container elementor-column-gap-default\">\n\t\t\t\t\t<div class=\"elementor-column elementor-col-100 elementor-top-column elementor-element elementor-element-438dba2\" data-id=\"438dba2\" data-element_type=\"column\">\n\t\t\t<div class=\"elementor-widget-wrap elementor-element-populated\">\n\t\t\t\t\t\t\t\t<div class=\"elementor-element elementor-element-a286d9a elementor-widget elementor-widget-shortcode\" data-id=\"a286d9a\" data-element_type=\"widget\" data-widget_type=\"shortcode.default\">\n\t\t\t\t<div class=\"elementor-widget-container\">\n\t\t\t\t\t<div class=\"elementor-shortcode\"><h1>Privacy Policy<\/h1>\n<p><p>In this privacy policy we inform you about the processing of your personal data.<\/p>\n<p class=\" translation-block\">If you would like to change your privacy settings (grant or revoke consent), click <a target=\"_blank\" href=\"#\" class=\"sp-dsgvo-show-privacy-popup\">here<\/a> to change your settings.<\/p>\n<h2>Verantwortlich<\/h2>\n<p>fiedler &amp; peter concepts GmbH, Roggenstr. 42, 86179 Augsburg, DE, <a href=\"mailto:info@fp-concepts.de\">info@fp-concepts.de<\/a>, +49 (0)821 \/ 65 05 49 40<\/p>\n<h2>Hosting Provider<\/h2>\n<p>Diese Website wird bei einem externen Dienstleister gehostet (Hoster). Die personenbezogenen Daten, die auf dieser Website erfasst werden, werden auf den Servern des Hosters gespeichert. Hierbei kann es sich v.a. um IP-Adressen, Kontaktanfragen, Meta- und Kommunikationsdaten, Vertragsdaten, Kontaktdaten, Namen, Websitezugriffe und sonstige Daten, die \u00fcber eine Website generiert werden, handeln.<\/p>\n<p>Der Einsatz des Hosters erfolgt zum Zwecke der Vertragserf\u00fcllung gegen\u00fcber unseren potenziellen und bestehenden Kunden (Art. 6 Abs. 1 lit. b DSGVO) und im Interesse einer sicheren, schnellen und effizienten Bereitstellung unseres Online-Angebots durch einen professionellen Anbieter (Art. 6 Abs. 1 lit. f DSGVO).<\/p>\n<p>Unser Hoster wird Ihre Daten nur insoweit verarbeiten, wie dies zur Erf\u00fcllung seiner Leistungspflichten erforderlich ist und unsere Weisungen in Bezug auf diese Daten befolgen.<\/p>\n<p><strong>Service:<\/strong> Hosting<br \/>\n<strong>Provider: <\/strong>BENJAMIN IT GmbH<br \/>\n<strong>Privacy Policy:<\/strong> <a href=\"https:\/\/www.benjamin-it.de\/datenschutzerklaerung\/\">https:\/\/www.benjamin-it.de\/datenschutzerklaerung\/<\/a><\/p>\n<h2>Server Log Files<\/h2>\n<p><span><\/p>\n<p>Zum Zweck der \u00dcberwachung der technischen Funktion und zur Erh\u00f6hung der Betriebssicherheit unseres Webhosts werden Verbindungsdaten verarbeitet. Die Dauer der Verarbeitung ist auf 10 Tage beschr\u00e4nkt.<\/p>\n<p>Die Rechtsgrundlage f\u00fcr die Datenverarbeitung ist das berechtigte Interesse (unbedingte technische Notwendigkeit eines Server Log Files als grundlegende Datenbasis zur Fehleranalyse und f\u00fcr Sicherheitsma\u00dfnahmen im Rahmen des durch Ihren Aufruf ausdr\u00fccklich gew\u00fcnschten Dienstes &#8222;Website&#8220;) gem\u00e4\u00df Art. 6 Abs. 1 lit. f DSGVO.<\/p>\n<p><\/span><\/p>\n<h2>Kontaktformular<\/h2>\n<p><p>On our website, you have the option of contacting us directly via a contact form. After sending the contact form, the personal data entered by you will be processed by the responsible party for the purpose of processing your enquiry on the basis of the consent granted by you by sending the form pursuant to Art. 6 (1) lit. a DSGVO until revoked.<br \/>There is no legal or contractual obligation to provide the personal data. The only consequence of not providing it is that you do not submit your request and we cannot process it.<\/p>\n<\/p>\n<h2>Sicherheitsdienste<\/h2>\n<p><p>On this website, we use the services of security service providers such as captcha services to avoid non-human and automated entries.<\/p>\n<\/p>\n<h3>Google reCAPTCHA<\/h3>\n<p><p class=\" translation-block\">In the case of granting your consent, we process your personal data with the service <a target=\"_blank\" href=\"https:\/\/www.google.com\/recaptcha\/intro\/v3.html\">Google reCaptcha<\/a>, Google Ireland Limited, Gordon House, Barrow Street, Dublin 4, Ireland as joint controller for the purpose of avoiding non-human and automated input. In doing so, we enable the service to set cookies, collect connection data and data from your web browser. In addition, we enable the service to calculate a user ID to uniquely identify the user within the advertising network operated by Google. Data is stored on your device for up to two years.<\/p>\n<p>The legal basis for data processing is your consent pursuant to Art. 6 para. 1 lit. a DSGVO. Failure to give consent means that the use of reCaptcha and associated forms is not possible.<\/p>\n<p class=\" translation-block\">You can revoke consent you have already given by changing the <a target=\"_blank\" class=\"lwb-ppsp\" href=\"#\" title=\"Datenschutzeinstellungen\">data protection settings<\/a>.<\/p>\n<p>The Google Group transfers your personal data to the USA. The legal basis for the data transfer to the USA is your consent pursuant to Art. 49 (1) (a) in conjunction with Art. 6 (1) (a) of the Data Protection Act (DSGVO) in conjunction with Section 25 of the TTDSG. Before giving your consent, you were already informed that the USA does not have a level of data protection that corresponds to the standards of the EU. In particular, US secret services can access your data without you being informed and without you being able to take legal action against it. For this reason, the European Court of Justice has ruled that the previous adequacy decision (Privacy Shield) is invalid.<\/p>\n<\/p>\n<h2>Web Schriften<\/h2>\n<h3>Google Fonts<\/h3>\n<p><p class=\" translation-block\">We process connection data and browser data with our processor <a target=\"_blank\" href=\"https:\/\/fonts.google.com\/\">Google Fonts<\/a>, Google Ireland Limited, Gordon House, Barrow Street, Dublin 4, Ireland for the purpose of providing the fonts required by the web browser to display the website. This data is only processed for the duration required for the selection and transmission of the fonts.<\/p>\n<p>The legal basis for the data processing is the legitimate interest (absolute technical necessity for the provision and delivery of the \"website\" service you expressly requested by calling it up) pursuant to Art. 6 (1) lit. f DSGVO.<\/p>\n<p class=\" translation-block\">Insofar as Google Fonts carries out further independent processing of the data, Google is the sole responsible party for this. Details can be found in the <a target=\"_blank\" href=\"https:\/\/policies.google.com\/privacy?gl=AT&amp;hl=de#intro\">privacy policy<\/a> and in the <a target=\"_blank\" href=\"https:\/\/developers.google.com\/fonts\/faq\">FAQ<\/a> of Google Fonts.<\/p>\n<\/p>\n<h2>Embeddings<\/h2>\n<h3>YouTube<\/h3>\n<p><p>Im Fall der Erteilung Ihrer Einwilligung verarbeiten wir mit dem Dienst <a target=\"_blank\" href=\"https:\/\/www.youtube.com\/\">Youtube<\/a>, Google Ireland Limited, Gordon House, Barrow Street, Dublin 4, Irland als gemeinsame Verantwortliche Ihre personenbezogenen Daten zum Zweck der Wiedergabe von Videos auf unserer Website.<\/p>\n<p>Wir erm\u00f6glichen dem Dienst die Erhebung von Verbindungsdaten, die Erhebung von Daten ihres Webbrowsers sowie die Platzierung eines Werbecookies. Durch die Platzierung von Werbecookies ist es Google m\u00f6glich, f\u00fcr jeden Nutzer eine individuelle User-ID zu berechnen. Diese zur eindeutigen Identifizierung geeigneten personenbezogenen Daten werden sodann im Rahmen des von Google betriebenen Werbenetzwerks verarbeitet.<\/p>\n<p>The Google Group transfers your personal data to the USA. The legal basis for the data transfer to the USA is your consent pursuant to Art. 49 (1) (a) in conjunction with Art. 6 (1) (a) of the Data Protection Act (DSGVO) in conjunction with Section 25 of the TTDSG. Before giving your consent, you were already informed that the USA does not have a level of data protection that corresponds to the standards of the EU. In particular, US secret services can access your data without you being informed and without you being able to take legal action against it. For this reason, the European Court of Justice has ruled that the previous adequacy decision (Privacy Shield) is invalid.<\/p>\n<p>Soweit durch Google eine weitergehende eigenst\u00e4ndige Verarbeitung der Daten insbesondere im Rahmen des Werbenetzwerkes von Google erfolgt, ist Google daf\u00fcr alleinige Verantwortliche. Details finden Sie in der <a target=\"_blank\" href=\"https:\/\/policies.google.com\/privacy?gl=AT&amp;hl=de#intro\">Privacy Policy<\/a> von Google.<\/p>\n<p>Die Nichterteilung der Einwilligung hat lediglich zur Folge, dass Ihnen der Dienst Youtube nicht zur Verf\u00fcgung gestellt wird. Eine bereits erteilte Einwilligung k\u00f6nnen Sie widerrufen, indem Sie die <a target=\"_blank\" class=\"lwb-ppsp\" href=\"#\" title=\"Datenschutzeinstellungen\">Datenschutzeinstellungen<\/a> \u00e4ndern.<\/p>\n<p>Die Rechtsgrundlage f\u00fcr die Datenverarbeitung ist Ihre Einwilligung gem\u00e4\u00df Art. 6 Abs 1 lit. a DSGVO.<\/p>\n<\/p>\n<h2>Analysedienste<\/h2>\n<h3>Google Analytics<\/h3>\n<p><p class=\" translation-block\">In case of granting your consent, we process your personal data with the service <a target=\"_blank\" href=\"https:\\\\analytics.google.com\">Google Analytics<\/a>, Google LLC, Amphitheatre Parkway, Mountain View, CA 94043, USA, as joint controller, for the purpose of error analysis and statistical evaluation of our website. Die Nichterteilung der Einwilligung hat auf die Funktion der Website keine unmittelbare Auswirkung, ohne statistische Daten wird uns jedoch die Weiterentwicklung der Website erschwert. You can revoke consent you have already given by changing the <a target=\"_blank\" class=\"lwb-ppsp\" href=\"#\" title=\"Datenschutzeinstellungen\">data protection settings<\/a>.<\/p>\n<p>Wir erm\u00f6glichen dem Dienst die Erhebung von Verbindungsdaten, Daten ihres Webbrowsers und Daten \u00fcber die aufgerufenen Inhalte sowie die Ausf\u00fchrung von Analysesoftware und die Speicherung von Daten auf ihrem Endger\u00e4t. Der Dienst anonymisiert die erhobenen Daten unmittelbar nach der Erhebung und stellt uns die anonymen Daten in Form von Statistiken zur Auswertung zur Verf\u00fcgung. Wir nutzen diese Statistiken zur Fehlerbehebung und zur Weiterentwicklung unserer Website. Die Daten auf ihrem Endger\u00e4t werden f\u00fcr die Dauer von bis zu zwei Jahren gespeichert.<\/p>\n<p>Die Rechtsgrundlage f\u00fcr die Datenverarbeitung ist Ihre Einwilligung gem\u00e4\u00df Art. 6 Abs 1 lit. a DSGVO. Der Google Konzern \u00fcbermittelt Ihre personenbezogenen Daten in die USA. Die Rechtsgrundlage f\u00fcr die Daten\u00fcbermittlung in die USA ist Ihre Einwilligung gem\u00e4\u00df Art. 49 Abs 1 lit a iVm Art. 6 Abs 1 lit a DSGVO in Verbindung mit \u00a725 TTDSG. Sie wurden bereits vor Erteilung Ihrer Einwilligung informiert, dass die USA \u00fcber kein den Standards der EU entsprechendes Datenschutzniveau verf\u00fcgt. Insbesondere k\u00f6nnen US Geheimdienste auf Ihre Daten zugreifen, ohne dass Sie dar\u00fcber informiert werden und ohne dass Sie dagegen rechtlich vorgehen k\u00f6nnen. Der Europ\u00e4ische Gerichtshof hat aus diesem Grund in einem Urteil den fr\u00fcheren Angemessenheitsbeschluss (Privacy Shield) f\u00fcr ung\u00fcltig erkl\u00e4rt.<\/p>\n<\/p>\n<h2>Newsletter Dienste<\/h2>\n<h3>MailChimp<\/h3>\n<p><p>Nach Erteilung Ihrer Einwilligung erfolgt eine Verarbeitung Ihrer personenbezogenen Daten zum Zweck der \u00dcbermittlung elektronischer Direktwerbung (z.B. Newsletterversand) bis auf Widerruf. <\/p>\n<p>Zum Zweck des Newsletterversandes bedienen wir uns dem Auftragsverarbeiter <a target=\"_blank\" href=\"https:\/\/mailchimp.com\/legal\/\">Mailchimp<\/a>, The Rocket Science Group, LLC, 675 Ponce de Leon Ave NE, Suite 5000 Atlanta, GA 30308, USA.<\/p>\n<p>Die Rechtsgrundlage f\u00fcr die Verarbeitung ist die von Ihnen gem\u00e4\u00df Art. 6 Abs. 1 lit. a DSGVO erteilte Einwilligung. Es gesteht keine gesetzliche oder vertragliche Verpflichtung zur Erteilung der Einwilligung. Die Nichterteilung der Einwilligung hat lediglich zur Folge, dass Sie keinen Newsletter von uns erhalten.<\/p>\n<p>Die Rechtsgrundlage f\u00fcr die Daten\u00fcbermittlung in die USA ist Ihre Einwilligung gem\u00e4\u00df Art. 49 Abs 1 lit a iVm Art. 6 Abs 1 lit a DSGVO in Verbindung mit \u00a725 TTDSG. Sie wurden bereits vor Erteilung Ihrer Einwilligung informiert, dass die USA \u00fcber kein den Standards der EU entsprechendes Datenschutzniveau verf\u00fcgt. Insbesondere k\u00f6nnen US Geheimdienste auf Ihre Daten zugreifen, ohne dass Sie dar\u00fcber informiert werden und ohne dass Sie dagegen rechtlich vorgehen k\u00f6nnen. Der Europ\u00e4ische Gerichtshof hat aus diesem Grund in einem Urteil den fr\u00fcheren Angemessenheitsbeschluss (Privacy Shield) f\u00fcr ung\u00fcltig erkl\u00e4rt.<\/p>\n<\/p>\n<h2>Widerspruchsrecht<\/h2>\n<p><p>Where the processing of your personal data is based on legitimate interest, you have the right to object to this processing.<\/p>\n<p>Unless there are compelling legitimate grounds for processing on our part, the processing of your data will cease on the basis of this legal basis.<\/p>\n<p>You also have the right to object to the processing of your personal data for the purpose of direct marketing. In the event of an objection, your personal data will no longer be processed for the purpose of direct marketing.<\/p>\n<p>The lawfulness of the data processed until the objection is not affected by the objection.<\/p>\n<\/p>\n<h2>Widerrufsrecht<\/h2>\n<p><p class=\" translation-block\">You have the right to revoke consent you have already given at any time by changing the <a target=\"_blank\" class=\"lwb-ppsp\" href=\"#\" title=\"Datenschutzeinstellungen\">data protection settings<\/a>.<\/p>\n<p>In the case of consent to receive electronic advertising, revocation of your consent can be done by clicking on the unsubscribe link. In this case, processing will cease unless there is another legal basis.<\/p>\n<p>The lawfulness of the data processed until the revocation is not affected by the revocation.<\/p>\n<\/p>\n<h2>Betroffenenrechte<\/h2>\n<p><p>You also have the right to information, correction, deletion and restriction of the processing of personal data.<\/p>\n<p>If the legal basis for processing your personal data is your consent or a contract concluded with you, you also have the right to data portability. <\/p>\n<p class=\" translation-block\">Furthermore, you have the right to complain to the supervisory authority. You can find more information about the supervisory authorities in the European Union <a target=\"_blank\" href=\"https:\/\/ec.europa.eu\/justice\/article-29\/structure\/data-protection-authorities\/index_en.htm\" title=\"Datenschutzbeh\u00f6rden\">here<\/a>.<\/p><\/p>\n<\/div>\n\t\t\t\t<\/div>\n\t\t\t\t<\/div>\n\t\t\t\t<div class=\"elementor-element elementor-element-3d3ab28 elementor-widget elementor-widget-text-editor\" data-id=\"3d3ab28\" data-element_type=\"widget\" data-widget_type=\"text-editor.default\">\n\t\t\t\t<div class=\"elementor-widget-container\">\n\t\t\t\t\t\t\t<h2>Speicherdauer<\/h2><p>Soweit innerhalb dieser Datenschutzerkl\u00e4rung keine speziellere Speicherdauer genannt wurde, verbleiben Ihre personenbezogenen Daten bei uns, bis der Zweck f\u00fcr die Datenverarbeitung entf\u00e4llt. Wenn Sie ein berechtigtes L\u00f6schersuchen geltend machen oder eine Einwilligung zur Datenverarbeitung widerrufen, werden Ihre Daten gel\u00f6scht, sofern wir keine anderen rechtlich zul\u00e4ssigen Gr\u00fcnde f\u00fcr die Speicherung Ihrer personenbezogenen Daten haben (z. B. steuer- oder handelsrechtliche Aufbewahrungsfristen); im letztgenannten Fall erfolgt die L\u00f6schung nach Fortfall dieser Gr\u00fcnde.<\/p><h2>Allgemeine Hinweise zu den Rechtsgrundlagen der Datenverarbeitung<\/h2><p>Sofern Sie in die Datenverarbeitung eingewilligt haben, verarbeiten wir Ihre personenbezogenen Daten auf Grundlage von Art. 6 Abs. 1 lit. a DSGVO bzw. Art. 9 Abs. 2 lit. a DSGVO, sofern besondere Datenkategorien nach Art. 9 Abs. 1 DSGVO verarbeitet werden. Sofern Sie in die Speicherung von Cookies oder in den Zugriff auf Informationen in Ihr Endger\u00e4t (z. B. via Device-Fingerprinting) eingewilligt haben, erfolgt die Datenverarbeitung zus\u00e4tzlich auf Grundlage von \u00a7 25 Abs. 1 TTDSG. Die Einwilligung ist jederzeit widerrufbar.<\/p><p>Sind Ihre Daten zur Vertragserf\u00fcllung oder zur Durchf\u00fchrung vorvertraglicher Ma\u00dfnahmen erforderlich, verarbeiten wir Ihre Daten auf Grundlage des Art. 6 Abs. 1 lit. b DSGVO. Des Weiteren verarbeiten wir Ihre Daten, sofern diese zur Erf\u00fcllung einer rechtlichen Verpflichtung erforderlich sind auf Grundlage von Art. 6 Abs. 1 lit. c DSGVO. Die Datenverarbeitung kann ferner auf Grundlage unseres berechtigten Interesses nach Art. 6 Abs. 1 lit. f DSGVO erfolgen. \u00dcber die jeweils im Einzelfall einschl\u00e4gigen Rechtsgrundlagen wird in den folgenden Abs\u00e4tzen dieser Datenschutzerkl\u00e4rung informiert.<\/p><h2>Hinweis zur Datenweitergabe in die USA und sonstige Drittstaaten<\/h2><p>Wir verwenden unter anderem Tools von Unternehmen mit Sitz in den USA oder sonstigen datenschutzrechtlich nicht sicheren Drittstaaten. Wenn diese Tools aktiv sind, k\u00f6nnen Ihre personenbezogene Daten in diese Drittstaaten \u00fcbertragen und dort verarbeitet werden. Wir weisen darauf hin, dass in diesen L\u00e4ndern kein mit der EU vergleichbares Datenschutzniveau garantiert werden kann.<br \/>Beispielsweise sind US-Unternehmen dazu verpflichtet, personenbezogene Daten an Sicherheitsbeh\u00f6rden herauszugeben, ohne dass Sie als Betroffener hiergegen gerichtlich vorgehen k\u00f6nnten. Es kann daher nicht ausgeschlossen werden, dass US-Beh\u00f6rden (z. B. Geheimdienste) Ihre auf US-Servern befindlichen Daten zu \u00dcberwachungszwecken verarbeiten, auswerten und dauerhaft speichern. Wir haben auf diese Verarbeitungst\u00e4tigkeiten keinen Einfluss.<\/p>\t\t\t\t\t\t<\/div>\n\t\t\t\t<\/div>\n\t\t\t\t\t<\/div>\n\t\t<\/div>\n\t\t\t\t\t\t\t<\/div>\n\t\t<\/section>\n\t\t\t\t\t\t<\/div>\n\t\t\t\t\t<\/div>","protected":false},"excerpt":{"rendered":"<p>Speicherdauer Soweit innerhalb dieser Datenschutzerkl\u00e4rung keine speziellere Speicherdauer genannt wurde, verbleiben Ihre personenbezogenen Daten bei uns, bis der Zweck f\u00fcr die Datenverarbeitung entf\u00e4llt. Wenn Sie ein berechtigtes L\u00f6schersuchen geltend machen [&hellip;]<\/p>","protected":false},"author":4,"featured_media":0,"parent":0,"menu_order":0,"comment_status":"closed","ping_status":"closed","template":"elementor_header_footer","meta":[],"_links":{"self":[{"href":"https:\/\/mobility-networknight.com\/en\/wp-json\/wp\/v2\/pages\/1675"}],"collection":[{"href":"https:\/\/mobility-networknight.com\/en\/wp-json\/wp\/v2\/pages"}],"about":[{"href":"https:\/\/mobility-networknight.com\/en\/wp-json\/wp\/v2\/types\/page"}],"author":[{"embeddable":true,"href":"https:\/\/mobility-networknight.com\/en\/wp-json\/wp\/v2\/users\/4"}],"replies":[{"embeddable":true,"href":"https:\/\/mobility-networknight.com\/en\/wp-json\/wp\/v2\/comments?post=1675"}],"version-history":[{"count":10,"href":"https:\/\/mobility-networknight.com\/en\/wp-json\/wp\/v2\/pages\/1675\/revisions"}],"predecessor-version":[{"id":5200,"href":"https:\/\/mobility-networknight.com\/en\/wp-json\/wp\/v2\/pages\/1675\/revisions\/5200"}],"wp:attachment":[{"href":"https:\/\/mobility-networknight.com\/en\/wp-json\/wp\/v2\/media?parent=1675"}],"curies":[{"name":"wp","href":"https:\/\/api.w.org\/{rel}","templated":true}]}}