{"id":3429,"date":"2022-01-21T10:17:11","date_gmt":"2022-01-21T09:17:11","guid":{"rendered":"http:\/\/mobility-networknight.com\/?page_id=3429"},"modified":"2023-06-26T13:00:28","modified_gmt":"2023-06-26T11:00:28","slug":"location","status":"publish","type":"page","link":"https:\/\/mobility-networknight.com\/en\/location\/","title":{"rendered":"Location"},"content":{"rendered":"<div data-elementor-type=\"wp-page\" data-elementor-id=\"3429\" class=\"elementor elementor-3429\" data-elementor-settings=\"[]\">\n\t\t\t\t\t\t\t<div class=\"elementor-section-wrap\">\n\t\t\t\t\t\t\t<section class=\"elementor-section elementor-top-section elementor-element elementor-element-0af3716 elementor-section-boxed elementor-section-height-default elementor-section-height-default\" data-id=\"0af3716\" data-element_type=\"section\">\n\t\t\t\t\t\t<div class=\"elementor-container elementor-column-gap-default\">\n\t\t\t\t\t<div class=\"elementor-column elementor-col-100 elementor-top-column elementor-element elementor-element-3cc0ccb\" data-id=\"3cc0ccb\" data-element_type=\"column\">\n\t\t\t<div class=\"elementor-widget-wrap elementor-element-populated\">\n\t\t\t\t\t\t\t\t<div class=\"elementor-element elementor-element-adb7bf3 elementor-widget elementor-widget-heading\" data-id=\"adb7bf3\" data-element_type=\"widget\" data-widget_type=\"heading.default\">\n\t\t\t\t<div class=\"elementor-widget-container\">\n\t\t\t<h1 class=\"elementor-heading-title elementor-size-default\">Location<\/h1>\t\t<\/div>\n\t\t\t\t<\/div>\n\t\t\t\t\t<\/div>\n\t\t<\/div>\n\t\t\t\t\t\t\t<\/div>\n\t\t<\/section>\n\t\t\t\t<section class=\"elementor-section elementor-top-section elementor-element elementor-element-4dd0625 elementor-section-boxed elementor-section-height-default elementor-section-height-default\" data-id=\"4dd0625\" data-element_type=\"section\">\n\t\t\t\t\t\t<div class=\"elementor-container elementor-column-gap-default\">\n\t\t\t\t\t<div class=\"elementor-column elementor-col-33 elementor-top-column elementor-element elementor-element-752dafd\" data-id=\"752dafd\" data-element_type=\"column\">\n\t\t\t<div class=\"elementor-widget-wrap elementor-element-populated\">\n\t\t\t\t\t\t\t\t<div class=\"elementor-element elementor-element-fd75413 elementor-widget elementor-widget-text-editor\" data-id=\"fd75413\" data-element_type=\"widget\" data-widget_type=\"text-editor.default\">\n\t\t\t\t<div class=\"elementor-widget-container\">\n\t\t\t\t\t\t\t<p>Die zweite Mobility Network Night presented by BROSE fand erneut im Westhafen Pier 1 mitten in der Frankfurter City statt. Gelegen zwischen Kraftwerk und Main \u00fcberzeugt die Eventlocation im Herzen Frankfurts sowohl durch ihren industriellen Charme, als auch mit dem direkten Blick auf die Uferpromenade des Mains und das Wasser.<\/p><p>Die modernen R\u00e4umlichkeiten mit der aktuellsten technischen Ausstattung, ein angeschlossenes Parkhaus, sowie die direkte Anbindung an die \u00f6ffentlichen Verkehrsmittel bieten die optimalen Rahmenbedingungen f\u00fcr einen Networking-Abend in sommerlichem Ambiente! Die Parktickets f\u00fcr das Parkhaus werden dirket bei der Mobility Network Night presented by BROSE entwertet. Wer sich nach dem Messegeschehen einen kurzen Frischluft-Nap g\u00f6nnen m\u00f6chte, kann die guten 1,3 Kilometer auch zu Fu\u00df gehen.<\/p>\t\t\t\t\t\t<\/div>\n\t\t\t\t<\/div>\n\t\t\t\t\t<\/div>\n\t\t<\/div>\n\t\t\t\t<div class=\"elementor-column elementor-col-66 elementor-top-column elementor-element elementor-element-d1fe554\" data-id=\"d1fe554\" data-element_type=\"column\">\n\t\t\t<div class=\"elementor-widget-wrap elementor-element-populated\">\n\t\t\t\t\t\t\t\t<div class=\"elementor-element elementor-element-08c87fc elementor-aspect-ratio-169 elementor-widget elementor-widget-video\" data-id=\"08c87fc\" data-element_type=\"widget\" data-settings=\"{&quot;youtube_url&quot;:&quot;https:\\\/\\\/www.youtube.com\\\/watch?v=kHE3-JrhaEY&amp;t=55s&quot;,&quot;video_type&quot;:&quot;youtube&quot;,&quot;controls&quot;:&quot;yes&quot;,&quot;aspect_ratio&quot;:&quot;169&quot;}\" data-widget_type=\"video.default\">\n\t\t\t\t<div class=\"elementor-widget-container\">\n\t\t\t\t\t<div class=\"elementor-wrapper elementor-fit-aspect-ratio elementor-open-inline\">\n\t\t\t<div class=\"elementor-video\"><\/div>\t\t<\/div>\n\t\t\t\t<\/div>\n\t\t\t\t<\/div>\n\t\t\t\t\t<\/div>\n\t\t<\/div>\n\t\t\t\t\t\t\t<\/div>\n\t\t<\/section>\n\t\t\t\t<section class=\"elementor-section elementor-top-section elementor-element elementor-element-06264a7 elementor-section-boxed elementor-section-height-default elementor-section-height-default\" data-id=\"06264a7\" data-element_type=\"section\">\n\t\t\t\t\t\t<div class=\"elementor-container elementor-column-gap-default\">\n\t\t\t\t\t<div class=\"elementor-column elementor-col-100 elementor-top-column elementor-element elementor-element-9ba6e0a\" data-id=\"9ba6e0a\" data-element_type=\"column\">\n\t\t\t<div class=\"elementor-widget-wrap elementor-element-populated\">\n\t\t\t\t\t\t\t\t<div class=\"elementor-element elementor-element-48b06fd elementor-arrows-position-outside elementor-pagination-position-outside elementor-widget elementor-widget-image-carousel\" data-id=\"48b06fd\" data-element_type=\"widget\" data-settings=\"{&quot;slides_to_show&quot;:&quot;3&quot;,&quot;image_spacing_custom&quot;:{&quot;unit&quot;:&quot;px&quot;,&quot;size&quot;:10,&quot;sizes&quot;:[]},&quot;navigation&quot;:&quot;both&quot;,&quot;autoplay&quot;:&quot;yes&quot;,&quot;pause_on_hover&quot;:&quot;yes&quot;,&quot;pause_on_interaction&quot;:&quot;yes&quot;,&quot;autoplay_speed&quot;:5000,&quot;infinite&quot;:&quot;yes&quot;,&quot;speed&quot;:500}\" data-widget_type=\"image-carousel.default\">\n\t\t\t\t<div class=\"elementor-widget-container\">\n\t\t\t\t\t<div class=\"elementor-image-carousel-wrapper swiper-container\" dir=\"ltr\">\n\t\t\t<div class=\"elementor-image-carousel swiper-wrapper\">\n\t\t\t\t\t\t\t\t<div class=\"swiper-slide\"><figure class=\"swiper-slide-inner\"><img class=\"swiper-slide-image\" src=\"https:\/\/mobility-networknight.com\/wp-content\/uploads\/2022\/04\/BS872-066-570x450.jpg\" alt=\"Frankfurt, 23.08.2012, Westhafen Pier 1, Eventlocation und  Buerohaus, Architekt: Schneider &amp; Schumacher, Fertigstellung: 2004, Digitalfoto, Gro\u00dfformat,[\u00a9(c)Barbara Staubach\/info@barbara-staubach.de; Veroeffentlichung nur gegen Honorar, Urhebervermerk und Beleg \/ permission required for reproduction, mention of copyright, complimentary copy; Bankverbindung \/ bank account and sorting code: Nassauische Sparkasse, Konto 115010360, BLZ 51050015;]\" \/><\/figure><\/div><div class=\"swiper-slide\"><figure class=\"swiper-slide-inner\"><img class=\"swiper-slide-image\" src=\"https:\/\/mobility-networknight.com\/wp-content\/uploads\/2022\/04\/BS1080-026-570x450.jpg\" alt=\"DEU, Frankfurt am Main, 18.04.2017, Westhafen Pier 1, Eventlocation , Architekt: Schneider &amp; Schumacher, Fertigstellung: 2004, Digitalfoto,[\u00a9(c)Barbara Staubach, 60385 Frankfurt am Main\/info@barbara-staubach.de; Veroeffentlichung nur gegen Honorar, Urhebervermerk und Beleg \/ permission required for reproduction, mention of copyright, complimentary copy; Bankverbindung \/ bank account and sorting code: Nassauische Sparkasse, IBAN DE 86510500150115010360, BIC: NASSDE55XXX;][#0,26,121#]\" \/><\/figure><\/div><div class=\"swiper-slide\"><figure class=\"swiper-slide-inner\"><img class=\"swiper-slide-image\" src=\"https:\/\/mobility-networknight.com\/wp-content\/uploads\/2022\/04\/WHP-Lockere-Bestuhlung-22-570x450.jpg\" alt=\"WHP Lockere Bestuhlung 22\" \/><\/figure><\/div><div class=\"swiper-slide\"><figure class=\"swiper-slide-inner\"><img class=\"swiper-slide-image\" src=\"https:\/\/mobility-networknight.com\/wp-content\/uploads\/2022\/04\/WHP-Lockere-Bestuhlung-24-570x450.jpg\" alt=\"WHP Lockere Bestuhlung 24\" \/><\/figure><\/div><div class=\"swiper-slide\"><figure class=\"swiper-slide-inner\"><img class=\"swiper-slide-image\" src=\"https:\/\/mobility-networknight.com\/wp-content\/uploads\/2022\/04\/WHP-Reihenbestuhlung-Obergeschoss-2-570x450.jpg\" alt=\"DEU, Frankfurt am Main, 18.04.2017, Westhafen Pier 1, Eventlocation , Architekt: Schneider &amp; Schumacher, Fertigstellung: 2004, Digitalfoto,[\u00a9(c)Barbara Staubach, 60385 Frankfurt am Main\/info@barbara-staubach.de; Veroeffentlichung nur gegen Honorar, Urhebervermerk und Beleg \/ permission required for reproduction, mention of copyright, complimentary copy; Bankverbindung \/ bank account and sorting code: Nassauische Sparkasse, IBAN DE 86510500150115010360, BIC: NASSDE55XXX;][#0,26,121#]\" \/><\/figure><\/div>\t\t\t<\/div>\n\t\t\t\t\t\t\t\t\t\t\t\t<div class=\"swiper-pagination\"><\/div>\n\t\t\t\t\t\t\t\t\t\t\t\t\t<div class=\"elementor-swiper-button elementor-swiper-button-prev\">\n\t\t\t\t\t\t<i aria-hidden=\"true\" class=\"eicon-chevron-left\"><\/i>\t\t\t\t\t\t<span class=\"elementor-screen-only\">Previous<\/span>\n\t\t\t\t\t<\/div>\n\t\t\t\t\t<div class=\"elementor-swiper-button elementor-swiper-button-next\">\n\t\t\t\t\t\t<i aria-hidden=\"true\" class=\"eicon-chevron-right\"><\/i>\t\t\t\t\t\t<span class=\"elementor-screen-only\">Next<\/span>\n\t\t\t\t\t<\/div>\n\t\t\t\t\t\t\t\t\t<\/div>\n\t\t\t\t<\/div>\n\t\t\t\t<\/div>\n\t\t\t\t\t<\/div>\n\t\t<\/div>\n\t\t\t\t\t\t\t<\/div>\n\t\t<\/section>\n\t\t\t\t<section class=\"elementor-section elementor-top-section elementor-element elementor-element-fb84a5e elementor-section-boxed elementor-section-height-default elementor-section-height-default\" data-id=\"fb84a5e\" data-element_type=\"section\">\n\t\t\t\t\t\t<div class=\"elementor-container elementor-column-gap-default\">\n\t\t\t\t\t<div class=\"elementor-column elementor-col-100 elementor-top-column elementor-element elementor-element-b1fe5b6\" data-id=\"b1fe5b6\" data-element_type=\"column\">\n\t\t\t<div class=\"elementor-widget-wrap elementor-element-populated\">\n\t\t\t\t\t\t\t\t<div class=\"elementor-element elementor-element-9f3828f elementor-widget elementor-widget-html\" data-id=\"9f3828f\" data-element_type=\"widget\" data-widget_type=\"html.default\">\n\t\t\t\t<div class=\"elementor-widget-container\">\n\t\t\t<iframe src=\"https:\/\/www.google.com\/maps\/embed?pb=!1m18!1m12!1m3!1d2559.3730399924343!2d8.653483850965637!3d50.09802422047645!2m3!1f0!2f0!3f0!3m2!1i1024!2i768!4f13.1!3m3!1m2!1s0x47bd0bfa0bea41cd%3A0x154d156745d97c3d!2sWesthafen%20Pier%201!5e0!3m2!1sde!2sde!4v1649673880744!5m2!1sde!2sde\" width=\"600\" height=\"450\" style=\"border:0;\" allowfullscreen=\"\" loading=\"lazy\" referrerpolicy=\"no-referrer-when-downgrade\"><\/iframe>\t\t<\/div>\n\t\t\t\t<\/div>\n\t\t\t\t\t<\/div>\n\t\t<\/div>\n\t\t\t\t\t\t\t<\/div>\n\t\t<\/section>\n\t\t\t\t\t\t<\/div>\n\t\t\t\t\t<\/div>","protected":false},"excerpt":{"rendered":"<p>Location Die zweite Mobility Network Night presented by BROSE fand erneut im Westhafen Pier 1 mitten in der Frankfurter City statt. Gelegen zwischen Kraftwerk und Main \u00fcberzeugt die Eventlocation im [&hellip;]<\/p>","protected":false},"author":4,"featured_media":4315,"parent":0,"menu_order":0,"comment_status":"closed","ping_status":"closed","template":"","meta":[],"_links":{"self":[{"href":"https:\/\/mobility-networknight.com\/en\/wp-json\/wp\/v2\/pages\/3429"}],"collection":[{"href":"https:\/\/mobility-networknight.com\/en\/wp-json\/wp\/v2\/pages"}],"about":[{"href":"https:\/\/mobility-networknight.com\/en\/wp-json\/wp\/v2\/types\/page"}],"author":[{"embeddable":true,"href":"https:\/\/mobility-networknight.com\/en\/wp-json\/wp\/v2\/users\/4"}],"replies":[{"embeddable":true,"href":"https:\/\/mobility-networknight.com\/en\/wp-json\/wp\/v2\/comments?post=3429"}],"version-history":[{"count":81,"href":"https:\/\/mobility-networknight.com\/en\/wp-json\/wp\/v2\/pages\/3429\/revisions"}],"predecessor-version":[{"id":5478,"href":"https:\/\/mobility-networknight.com\/en\/wp-json\/wp\/v2\/pages\/3429\/revisions\/5478"}],"wp:featuredmedia":[{"embeddable":true,"href":"https:\/\/mobility-networknight.com\/en\/wp-json\/wp\/v2\/media\/4315"}],"wp:attachment":[{"href":"https:\/\/mobility-networknight.com\/en\/wp-json\/wp\/v2\/media?parent=3429"}],"curies":[{"name":"wp","href":"https:\/\/api.w.org\/{rel}","templated":true}]}}