{"id":4241,"date":"2022-03-11T12:00:16","date_gmt":"2022-03-11T11:00:16","guid":{"rendered":"https:\/\/mobility-networknight.com\/?page_id=4241"},"modified":"2022-05-18T09:42:41","modified_gmt":"2022-05-18T07:42:41","slug":"moderation","status":"publish","type":"page","link":"https:\/\/mobility-networknight.com\/en\/moderation\/","title":{"rendered":"Presenter"},"content":{"rendered":"<div data-elementor-type=\"wp-page\" data-elementor-id=\"4241\" class=\"elementor elementor-4241\" data-elementor-settings=\"[]\">\n\t\t\t\t\t\t\t<div class=\"elementor-section-wrap\">\n\t\t\t\t\t\t\t<section class=\"elementor-section elementor-top-section elementor-element elementor-element-0af3716 elementor-section-boxed elementor-section-height-default elementor-section-height-default\" data-id=\"0af3716\" data-element_type=\"section\">\n\t\t\t\t\t\t<div class=\"elementor-container elementor-column-gap-default\">\n\t\t\t\t\t<div class=\"elementor-column elementor-col-100 elementor-top-column elementor-element elementor-element-3cc0ccb\" data-id=\"3cc0ccb\" data-element_type=\"column\">\n\t\t\t<div class=\"elementor-widget-wrap elementor-element-populated\">\n\t\t\t\t\t\t\t\t<div class=\"elementor-element elementor-element-adb7bf3 elementor-widget elementor-widget-heading\" data-id=\"adb7bf3\" data-element_type=\"widget\" data-widget_type=\"heading.default\">\n\t\t\t\t<div class=\"elementor-widget-container\">\n\t\t\t<h1 class=\"elementor-heading-title elementor-size-default\">Presenter<\/h1>\t\t<\/div>\n\t\t\t\t<\/div>\n\t\t\t\t\t<\/div>\n\t\t<\/div>\n\t\t\t\t\t\t\t<\/div>\n\t\t<\/section>\n\t\t\t\t<section class=\"elementor-section elementor-top-section elementor-element elementor-element-ab58f83 elementor-section-boxed elementor-section-height-default elementor-section-height-default\" data-id=\"ab58f83\" data-element_type=\"section\" data-settings=\"{&quot;background_background&quot;:&quot;classic&quot;}\">\n\t\t\t\t\t\t\t<div class=\"elementor-background-overlay\"><\/div>\n\t\t\t\t\t\t\t<div class=\"elementor-container elementor-column-gap-default\">\n\t\t\t\t\t<div class=\"elementor-column elementor-col-25 elementor-top-column elementor-element elementor-element-3985e71 elementor-hidden-tablet elementor-hidden-phone\" data-id=\"3985e71\" data-element_type=\"column\">\n\t\t\t<div class=\"elementor-widget-wrap\">\n\t\t\t\t\t\t\t\t\t<\/div>\n\t\t<\/div>\n\t\t\t\t<div class=\"elementor-column elementor-col-25 elementor-top-column elementor-element elementor-element-efaebab\" data-id=\"efaebab\" data-element_type=\"column\">\n\t\t\t<div class=\"elementor-widget-wrap elementor-element-populated\">\n\t\t\t\t\t\t\t\t<div class=\"elementor-element elementor-element-2aa4eea elementor-widget elementor-widget-image\" data-id=\"2aa4eea\" data-element_type=\"widget\" data-widget_type=\"image.default\">\n\t\t\t\t<div class=\"elementor-widget-container\">\n\t\t\t\t\t\t\t\t\t\t\t\t\t\t\t<img width=\"370\" height=\"500\" src=\"https:\/\/mobility-networknight.com\/wp-content\/uploads\/2022\/05\/Nicola-Hemshorn-Bowen-370x500.png\" class=\"attachment-kava-thumb-m-vertical size-kava-thumb-m-vertical\" alt=\"\" loading=\"lazy\" srcset=\"https:\/\/mobility-networknight.com\/wp-content\/uploads\/2022\/05\/Nicola-Hemshorn-Bowen-370x500.png 370w, https:\/\/mobility-networknight.com\/wp-content\/uploads\/2022\/05\/Nicola-Hemshorn-Bowen-8x12.png 8w\" sizes=\"(max-width: 370px) 100vw, 370px\" \/>\t\t\t\t\t\t\t\t\t\t\t\t\t\t\t<\/div>\n\t\t\t\t<\/div>\n\t\t\t\t<div class=\"elementor-element elementor-element-79d016d elementor-widget elementor-widget-spacer\" data-id=\"79d016d\" data-element_type=\"widget\" data-widget_type=\"spacer.default\">\n\t\t\t\t<div class=\"elementor-widget-container\">\n\t\t\t\t\t<div class=\"elementor-spacer\">\n\t\t\t<div class=\"elementor-spacer-inner\"><\/div>\n\t\t<\/div>\n\t\t\t\t<\/div>\n\t\t\t\t<\/div>\n\t\t\t\t<div class=\"elementor-element elementor-element-b27d2fd elementor-widget elementor-widget-image\" data-id=\"b27d2fd\" data-element_type=\"widget\" data-widget_type=\"image.default\">\n\t\t\t\t<div class=\"elementor-widget-container\">\n\t\t\t\t\t\t\t\t\t\t\t\t\t\t\t\t<a href=\"http:\/\/hemshorn.com\/\" target=\"_blank\">\n\t\t\t\t\t\t\t<img width=\"227\" height=\"90\" src=\"https:\/\/mobility-networknight.com\/wp-content\/uploads\/2022\/05\/CA4E26C5-A4D4-4E97-854A-460F9D39997F.jpeg\" class=\"attachment-full size-full\" alt=\"\" loading=\"lazy\" srcset=\"https:\/\/mobility-networknight.com\/wp-content\/uploads\/2022\/05\/CA4E26C5-A4D4-4E97-854A-460F9D39997F.jpeg 227w, https:\/\/mobility-networknight.com\/wp-content\/uploads\/2022\/05\/CA4E26C5-A4D4-4E97-854A-460F9D39997F-18x7.jpeg 18w\" sizes=\"(max-width: 227px) 100vw, 227px\" \/>\t\t\t\t\t\t\t\t<\/a>\n\t\t\t\t\t\t\t\t\t\t\t\t\t\t\t<\/div>\n\t\t\t\t<\/div>\n\t\t\t\t\t<\/div>\n\t\t<\/div>\n\t\t\t\t<div class=\"elementor-column elementor-col-25 elementor-top-column elementor-element elementor-element-5456712\" data-id=\"5456712\" data-element_type=\"column\">\n\t\t\t<div class=\"elementor-widget-wrap elementor-element-populated\">\n\t\t\t\t\t\t\t\t<div class=\"elementor-element elementor-element-063c328 elementor-widget elementor-widget-heading\" data-id=\"063c328\" data-element_type=\"widget\" data-widget_type=\"heading.default\">\n\t\t\t\t<div class=\"elementor-widget-container\">\n\t\t\t<h4 class=\"elementor-heading-title elementor-size-default\">Nicola Hemshorn - Bowen<\/h4>\t\t<\/div>\n\t\t\t\t<\/div>\n\t\t\t\t<div class=\"elementor-element elementor-element-0cc6712 elementor-widget elementor-widget-text-editor\" data-id=\"0cc6712\" data-element_type=\"widget\" data-widget_type=\"text-editor.default\">\n\t\t\t\t<div class=\"elementor-widget-container\">\n\t\t\t\t\t\t\t<p><span class=\"exc\">\u00a0<\/span><\/p>\t\t\t\t\t\t<\/div>\n\t\t\t\t<\/div>\n\t\t\t\t<div class=\"elementor-element elementor-element-ce6f143 elementor-widget elementor-widget-text-editor\" data-id=\"ce6f143\" data-element_type=\"widget\" data-widget_type=\"text-editor.default\">\n\t\t\t\t<div class=\"elementor-widget-container\">\n\t\t\t\t\t\t\t<div id=\"content\"><div class=\"post post-4655 exhibitor type-exhibitor status-publish has-post-thumbnail hentry\"><div class=\"b w_620\"><div class=\"b_text\"><div id=\"content\"><div class=\"post post-4687 exhibitor type-exhibitor status-publish has-post-thumbnail hentry\"><div class=\"b w_620\"><div class=\"b_text\"><p>Nicola succeeded internationally as CMO EU for Electra Bicycle Company \/Trek, as well as CEO and company founder. Working in different countries and cultures deepened her insight into working with teams  from and within different cultural backgrounds and helping them to develop.<\/p><p>Nicola worked for 10 years in the United States, and 7 years in Spain. In 2009, Nicola became CMO Europe for an American company, leading teams in 11 countries. Since 2015 Nicola has dedicated her time exclusively to coaching and training.<\/p><p>Nicola is an expert in executive coaching and an extremely versatile trainer, bringing her international career background and expertise in communication psychology together, and working with high-ranking managers and board members. She is also very much in demand as a presenter and anchors a talk show.<\/p><p><a href=\"http:\/\/hemshorn.com\/\" target=\"_blank\" rel=\"noopener\">www.hemshorn.com<\/a><\/p><\/div><\/div><\/div><\/div><\/div><\/div><\/div><\/div>\t\t\t\t\t\t<\/div>\n\t\t\t\t<\/div>\n\t\t\t\t\t<\/div>\n\t\t<\/div>\n\t\t\t\t<div class=\"elementor-column elementor-col-25 elementor-top-column elementor-element elementor-element-55b9aa3 elementor-hidden-tablet elementor-hidden-phone\" data-id=\"55b9aa3\" data-element_type=\"column\">\n\t\t\t<div class=\"elementor-widget-wrap\">\n\t\t\t\t\t\t\t\t\t<\/div>\n\t\t<\/div>\n\t\t\t\t\t\t\t<\/div>\n\t\t<\/section>\n\t\t\t\t\t\t<\/div>\n\t\t\t\t\t<\/div>","protected":false},"excerpt":{"rendered":"<p>Moderation Nicola Hemshorn &#8211; Bowen \u00a0 Ihre internationale Karriere als Firmengr\u00fcnderin und F\u00fchrungskraft unter anderem als Marketing Direktorin f\u00fcr Europa der US Fahrradmarke Electra\u00a0 Bicycle Company,\u00a0 dem Leben und Arbeiten [&hellip;]<\/p>","protected":false},"author":4,"featured_media":4315,"parent":0,"menu_order":0,"comment_status":"closed","ping_status":"closed","template":"elementor_header_footer","meta":[],"_links":{"self":[{"href":"https:\/\/mobility-networknight.com\/en\/wp-json\/wp\/v2\/pages\/4241"}],"collection":[{"href":"https:\/\/mobility-networknight.com\/en\/wp-json\/wp\/v2\/pages"}],"about":[{"href":"https:\/\/mobility-networknight.com\/en\/wp-json\/wp\/v2\/types\/page"}],"author":[{"embeddable":true,"href":"https:\/\/mobility-networknight.com\/en\/wp-json\/wp\/v2\/users\/4"}],"replies":[{"embeddable":true,"href":"https:\/\/mobility-networknight.com\/en\/wp-json\/wp\/v2\/comments?post=4241"}],"version-history":[{"count":18,"href":"https:\/\/mobility-networknight.com\/en\/wp-json\/wp\/v2\/pages\/4241\/revisions"}],"predecessor-version":[{"id":4735,"href":"https:\/\/mobility-networknight.com\/en\/wp-json\/wp\/v2\/pages\/4241\/revisions\/4735"}],"wp:featuredmedia":[{"embeddable":true,"href":"https:\/\/mobility-networknight.com\/en\/wp-json\/wp\/v2\/media\/4315"}],"wp:attachment":[{"href":"https:\/\/mobility-networknight.com\/en\/wp-json\/wp\/v2\/media?parent=4241"}],"curies":[{"name":"wp","href":"https:\/\/api.w.org\/{rel}","templated":true}]}}