{"id":4627,"date":"2022-05-11T17:07:40","date_gmt":"2022-05-11T15:07:40","guid":{"rendered":"https:\/\/mobility-networknight.com\/?page_id=4627"},"modified":"2023-04-03T09:48:02","modified_gmt":"2023-04-03T07:48:02","slug":"keynote-speech","status":"publish","type":"page","link":"https:\/\/mobility-networknight.com\/en\/keynote-speech\/","title":{"rendered":"Keynote Speech"},"content":{"rendered":"<div data-elementor-type=\"wp-page\" data-elementor-id=\"4627\" class=\"elementor elementor-4627\" data-elementor-settings=\"[]\">\n\t\t\t\t\t\t\t<div class=\"elementor-section-wrap\">\n\t\t\t\t\t\t\t<section class=\"elementor-section elementor-top-section elementor-element elementor-element-0af3716 elementor-section-boxed elementor-section-height-default elementor-section-height-default\" data-id=\"0af3716\" data-element_type=\"section\">\n\t\t\t\t\t\t<div class=\"elementor-container elementor-column-gap-default\">\n\t\t\t\t\t<div class=\"elementor-column elementor-col-100 elementor-top-column elementor-element elementor-element-3cc0ccb\" data-id=\"3cc0ccb\" data-element_type=\"column\">\n\t\t\t<div class=\"elementor-widget-wrap elementor-element-populated\">\n\t\t\t\t\t\t\t\t<div class=\"elementor-element elementor-element-adb7bf3 elementor-widget elementor-widget-heading\" data-id=\"adb7bf3\" data-element_type=\"widget\" data-widget_type=\"heading.default\">\n\t\t\t\t<div class=\"elementor-widget-container\">\n\t\t\t<h1 class=\"elementor-heading-title elementor-size-default\">Keynote Speech<\/h1>\t\t<\/div>\n\t\t\t\t<\/div>\n\t\t\t\t\t<\/div>\n\t\t<\/div>\n\t\t\t\t\t\t\t<\/div>\n\t\t<\/section>\n\t\t\t\t<section class=\"elementor-section elementor-top-section elementor-element elementor-element-5245b77 elementor-section-boxed elementor-section-height-default elementor-section-height-default\" data-id=\"5245b77\" data-element_type=\"section\">\n\t\t\t\t\t\t<div class=\"elementor-container elementor-column-gap-default\">\n\t\t\t\t\t<div class=\"elementor-column elementor-col-100 elementor-top-column elementor-element elementor-element-84f4529\" data-id=\"84f4529\" data-element_type=\"column\">\n\t\t\t<div class=\"elementor-widget-wrap elementor-element-populated\">\n\t\t\t\t\t\t\t\t<div class=\"elementor-element elementor-element-b97bd03 elementor-widget elementor-widget-spacer\" data-id=\"b97bd03\" data-element_type=\"widget\" data-widget_type=\"spacer.default\">\n\t\t\t\t<div class=\"elementor-widget-container\">\n\t\t\t\t\t<div class=\"elementor-spacer\">\n\t\t\t<div class=\"elementor-spacer-inner\"><\/div>\n\t\t<\/div>\n\t\t\t\t<\/div>\n\t\t\t\t<\/div>\n\t\t\t\t\t<\/div>\n\t\t<\/div>\n\t\t\t\t\t\t\t<\/div>\n\t\t<\/section>\n\t\t\t\t<section class=\"elementor-section elementor-top-section elementor-element elementor-element-eb79155 elementor-section-boxed elementor-section-height-default elementor-section-height-default\" data-id=\"eb79155\" data-element_type=\"section\">\n\t\t\t\t\t\t<div class=\"elementor-container elementor-column-gap-default\">\n\t\t\t\t\t<div class=\"elementor-column elementor-col-50 elementor-top-column elementor-element elementor-element-5d3569b\" data-id=\"5d3569b\" data-element_type=\"column\" data-settings=\"{&quot;background_background&quot;:&quot;classic&quot;}\">\n\t\t\t<div class=\"elementor-widget-wrap elementor-element-populated\">\n\t\t\t\t\t\t\t\t<div class=\"elementor-element elementor-element-2290b89 elementor-widget elementor-widget-image\" data-id=\"2290b89\" data-element_type=\"widget\" data-widget_type=\"image.default\">\n\t\t\t\t<div class=\"elementor-widget-container\">\n\t\t\t\t\t\t\t\t\t\t\t\t\t\t\t<img width=\"254\" height=\"300\" src=\"https:\/\/mobility-networknight.com\/wp-content\/uploads\/2023\/04\/Marcel-Zukunftszeichen-1-254x300.jpg\" class=\"attachment-medium size-medium\" alt=\"\" loading=\"lazy\" srcset=\"https:\/\/mobility-networknight.com\/wp-content\/uploads\/2023\/04\/Marcel-Zukunftszeichen-1-254x300.jpg 254w, https:\/\/mobility-networknight.com\/wp-content\/uploads\/2023\/04\/Marcel-Zukunftszeichen-1-868x1024.jpg 868w, https:\/\/mobility-networknight.com\/wp-content\/uploads\/2023\/04\/Marcel-Zukunftszeichen-1-768x906.jpg 768w, https:\/\/mobility-networknight.com\/wp-content\/uploads\/2023\/04\/Marcel-Zukunftszeichen-1-1303x1536.jpg 1303w, https:\/\/mobility-networknight.com\/wp-content\/uploads\/2023\/04\/Marcel-Zukunftszeichen-1-10x12.jpg 10w, https:\/\/mobility-networknight.com\/wp-content\/uploads\/2023\/04\/Marcel-Zukunftszeichen-1-600x707.jpg 600w, https:\/\/mobility-networknight.com\/wp-content\/uploads\/2023\/04\/Marcel-Zukunftszeichen-1.jpg 1664w\" sizes=\"(max-width: 254px) 100vw, 254px\" \/>\t\t\t\t\t\t\t\t\t\t\t\t\t\t\t<\/div>\n\t\t\t\t<\/div>\n\t\t\t\t\t<\/div>\n\t\t<\/div>\n\t\t\t\t<div class=\"elementor-column elementor-col-50 elementor-top-column elementor-element elementor-element-2b8035e\" data-id=\"2b8035e\" data-element_type=\"column\" data-settings=\"{&quot;background_background&quot;:&quot;classic&quot;}\">\n\t\t\t<div class=\"elementor-widget-wrap elementor-element-populated\">\n\t\t\t\t\t\t\t\t<div class=\"elementor-element elementor-element-d0ea6f1 elementor-widget elementor-widget-spacer\" data-id=\"d0ea6f1\" data-element_type=\"widget\" data-widget_type=\"spacer.default\">\n\t\t\t\t<div class=\"elementor-widget-container\">\n\t\t\t\t\t<div class=\"elementor-spacer\">\n\t\t\t<div class=\"elementor-spacer-inner\"><\/div>\n\t\t<\/div>\n\t\t\t\t<\/div>\n\t\t\t\t<\/div>\n\t\t\t\t<div class=\"elementor-element elementor-element-d812191 elementor-widget elementor-widget-heading\" data-id=\"d812191\" data-element_type=\"widget\" data-widget_type=\"heading.default\">\n\t\t\t\t<div class=\"elementor-widget-container\">\n\t\t\t<h2 class=\"elementor-heading-title elementor-size-default\">Marcel Aberle<\/h2>\t\t<\/div>\n\t\t\t\t<\/div>\n\t\t\t\t<div class=\"elementor-element elementor-element-9083b18 elementor-widget elementor-widget-text-editor\" data-id=\"9083b18\" data-element_type=\"widget\" data-widget_type=\"text-editor.default\">\n\t\t\t\t<div class=\"elementor-widget-container\">\n\t\t\t\t\t\t\t<p>Marcel Aberle is a trend and futurologist, keynote speaker and strategy consultant. The multiple innovation award winner has been dealing with the topics of innovation, trends and the future for more than 20 years. He is driven by a deep fascination for the trends of our time that are significantly changing our economy and society. Marcel led the Zukunftsinstitut in Austria for 3.5 years as Managing Director. He is a book author and co-host of the Futures Literacy YouTube channel \"futur3zone\".<\/p>\t\t\t\t\t\t<\/div>\n\t\t\t\t<\/div>\n\t\t\t\t\t<\/div>\n\t\t<\/div>\n\t\t\t\t\t\t\t<\/div>\n\t\t<\/section>\n\t\t\t\t\t\t<\/div>\n\t\t\t\t\t<\/div>","protected":false},"excerpt":{"rendered":"<p>Keynote Speech Marcel Aberle Marcel Aberle ist Trend- und Zukunftsforscher, Keynote Speaker und Strategieberater. Der mehrfach ausgezeichnete Innovations-Preistr\u00e4ger besch\u00e4ftigt sich seit \u00fcber 20 Jahren mit den Themen Innovation, Trends und [&hellip;]<\/p>","protected":false},"author":4,"featured_media":4315,"parent":0,"menu_order":0,"comment_status":"closed","ping_status":"closed","template":"elementor_header_footer","meta":[],"_links":{"self":[{"href":"https:\/\/mobility-networknight.com\/en\/wp-json\/wp\/v2\/pages\/4627"}],"collection":[{"href":"https:\/\/mobility-networknight.com\/en\/wp-json\/wp\/v2\/pages"}],"about":[{"href":"https:\/\/mobility-networknight.com\/en\/wp-json\/wp\/v2\/types\/page"}],"author":[{"embeddable":true,"href":"https:\/\/mobility-networknight.com\/en\/wp-json\/wp\/v2\/users\/4"}],"replies":[{"embeddable":true,"href":"https:\/\/mobility-networknight.com\/en\/wp-json\/wp\/v2\/comments?post=4627"}],"version-history":[{"count":35,"href":"https:\/\/mobility-networknight.com\/en\/wp-json\/wp\/v2\/pages\/4627\/revisions"}],"predecessor-version":[{"id":5324,"href":"https:\/\/mobility-networknight.com\/en\/wp-json\/wp\/v2\/pages\/4627\/revisions\/5324"}],"wp:featuredmedia":[{"embeddable":true,"href":"https:\/\/mobility-networknight.com\/en\/wp-json\/wp\/v2\/media\/4315"}],"wp:attachment":[{"href":"https:\/\/mobility-networknight.com\/en\/wp-json\/wp\/v2\/media?parent=4627"}],"curies":[{"name":"wp","href":"https:\/\/api.w.org\/{rel}","templated":true}]}}